{"id":8,"date":"2020-11-13T14:48:02","date_gmt":"2020-11-13T17:48:02","guid":{"rendered":"http:\/\/netfonia.com.br\/?page_id=8"},"modified":"2020-12-17T11:45:53","modified_gmt":"2020-12-17T14:45:53","slug":"contato","status":"publish","type":"page","link":"https:\/\/netfonia.com.br\/index.php\/contato\/","title":{"rendered":"Contato"},"content":{"rendered":"\n<h2 class=\"has-text-align-left has-medium-font-size\"><strong>Contatos<\/strong><\/h2>\n\n\n\n<p class=\"has-white-background-color has-background\">Entre em contato conosco para agendar seu or\u00e7amento e\/ou uma visita t\u00e9cnica, teremos o maior prazer em atend\u00ea-lo.<\/p>\n\n\n\n<div style=\"height:40px\" aria-hidden=\"true\" class=\"wp-block-spacer\"><\/div>\n\n\n\n<h2 class=\"has-text-align-left has-medium-font-size\"><strong>Telefone para contato e Whatsapp<\/strong><\/h2>\n\n\n\n<div style=\"height:32px\" aria-hidden=\"true\" class=\"wp-block-spacer\"><\/div>\n\n\n\n<figure class=\"wp-block-table border:none is-style-stripes\"><table><tbody><tr><td width=\"48\"><img src=\"http:\/\/netfonia.com.br\/imagens\/logowhatsapp.png\" width=\"32\"><\/td><td><a rel=\"noreferrer noopener\" href=\"https:\/\/api.whatsapp.com\/send?phone=5512981111417\" target=\"_blank\">T\u00e9cnico Altair<\/a><br>+55 12 98111-1417<\/br><\/td><\/tr><tr><td width=\"48\"><img src=\"http:\/\/netfonia.com.br\/imagens\/logowhatsapp.png\" width=\"32\"><\/td><td><a rel=\"noreferrer noopener\" href=\"https:\/\/api.whatsapp.com\/send?phone=5512982669815\" target=\"_blank\">T\u00e9cnico Rubens<\/a><br>+55 12 98266-9815<\/br><\/td><\/tr><\/tbody><\/table><\/figure>\n\n\n\n<div style=\"height:44px\" aria-hidden=\"true\" class=\"wp-block-spacer\"><\/div>\n\n\n\n<h2 class=\"has-text-align-left has-medium-font-size\"><strong>Formul\u00e1rio de Contato<\/strong><\/h2>\n\n\n\n<div style=\"height:30px\" aria-hidden=\"true\" class=\"wp-block-spacer\"><\/div>\n\n\n<div class=\"wpforms-container wpforms-container-full\" id=\"wpforms-82\"><form id=\"wpforms-form-82\" class=\"wpforms-validate wpforms-form\" data-formid=\"82\" method=\"post\" enctype=\"multipart\/form-data\" action=\"\/index.php\/wp-json\/wp\/v2\/pages\/8\" data-token=\"17b094e483b6cd13db3fbac2bff17dd7\"><noscript class=\"wpforms-error-noscript\">Please enable JavaScript in your browser to complete this form.<\/noscript><div class=\"wpforms-field-container\"><div id=\"wpforms-82-field_0-container\" class=\"wpforms-field wpforms-field-name\" data-field-id=\"0\"><label class=\"wpforms-field-label\" for=\"wpforms-82-field_0\">Nome <span class=\"wpforms-required-label\">*<\/span><\/label><div class=\"wpforms-field-row wpforms-field-large\"><div class=\"wpforms-field-row-block wpforms-first wpforms-one-half\"><input type=\"text\" id=\"wpforms-82-field_0\" class=\"wpforms-field-name-first wpforms-field-required\" name=\"wpforms[fields][0][first]\" required><label for=\"wpforms-82-field_0\" class=\"wpforms-field-sublabel after \">First<\/label><\/div><div class=\"wpforms-field-row-block wpforms-one-half\"><input type=\"text\" id=\"wpforms-82-field_0-last\" class=\"wpforms-field-name-last wpforms-field-required\" name=\"wpforms[fields][0][last]\" required><label for=\"wpforms-82-field_0-last\" class=\"wpforms-field-sublabel after \">Last<\/label><\/div><\/div><\/div><div id=\"wpforms-82-field_1-container\" class=\"wpforms-field wpforms-field-email\" data-field-id=\"1\"><label class=\"wpforms-field-label\" for=\"wpforms-82-field_1\">E-mail <span class=\"wpforms-required-label\">*<\/span><\/label><input type=\"email\" id=\"wpforms-82-field_1\" class=\"wpforms-field-large wpforms-field-required\" name=\"wpforms[fields][1]\" required><\/div><div id=\"wpforms-82-field_2-container\" class=\"wpforms-field wpforms-field-textarea\" data-field-id=\"2\"><label class=\"wpforms-field-label\" for=\"wpforms-82-field_2\">Coment\u00e1rio ou Mensagem <span class=\"wpforms-required-label\">*<\/span><\/label><textarea id=\"wpforms-82-field_2\" class=\"wpforms-field-medium wpforms-field-required\" name=\"wpforms[fields][2]\" required><\/textarea><\/div><\/div><div class=\"wpforms-submit-container\" ><input type=\"hidden\" name=\"wpforms[id]\" value=\"82\"><input type=\"hidden\" name=\"wpforms[author]\" value=\"1\"><button type=\"submit\" name=\"wpforms[submit]\" class=\"wpforms-submit \" id=\"wpforms-submit-82\" value=\"wpforms-submit\" aria-live=\"assertive\" data-alt-text=\"Enviando...\" data-submit-text=\"Enviar\">Enviar<\/button><\/div><\/form><\/div>  <!-- .wpforms-container -->","protected":false},"excerpt":{"rendered":"<p>Contatos Entre em contato conosco para agendar seu or\u00e7amento e\/ou uma visita t\u00e9cnica, teremos o maior prazer em atend\u00ea-lo. Telefone para contato e Whatsapp T\u00e9cnico Altair+55 12 98111-1417 T\u00e9cnico Rubens+55 12 98266-9815 Formul\u00e1rio de Contato<\/p>\n","protected":false},"author":1,"featured_media":0,"parent":0,"menu_order":0,"comment_status":"closed","ping_status":"closed","template":"","meta":[],"yoast_head":"<!-- This site is optimized with the Yoast SEO plugin v15.5 - https:\/\/yoast.com\/wordpress\/plugins\/seo\/ -->\n<title>Contato - Netfonia<\/title>\n<meta name=\"robots\" content=\"index, follow, max-snippet:-1, max-image-preview:large, max-video-preview:-1\" \/>\n<link rel=\"canonical\" href=\"https:\/\/netfonia.com.br\/index.php\/contato\/\" \/>\n<meta property=\"og:locale\" content=\"en_US\" \/>\n<meta property=\"og:type\" content=\"article\" \/>\n<meta property=\"og:title\" content=\"Contato - Netfonia\" \/>\n<meta property=\"og:description\" content=\"Contatos Entre em contato conosco para agendar seu or\u00e7amento e\/ou uma visita t\u00e9cnica, teremos o maior prazer em atend\u00ea-lo. Telefone para contato e Whatsapp T\u00e9cnico Altair+55 12 98111-1417 T\u00e9cnico Rubens+55 12 98266-9815 Formul\u00e1rio de Contato\" \/>\n<meta property=\"og:url\" content=\"https:\/\/netfonia.com.br\/index.php\/contato\/\" \/>\n<meta property=\"og:site_name\" content=\"Netfonia\" \/>\n<meta property=\"article:modified_time\" content=\"2020-12-17T14:45:53+00:00\" \/>\n<meta property=\"og:image\" content=\"http:\/\/netfonia.com.br\/imagens\/logowhatsapp.png\" \/>\n<meta name=\"twitter:card\" content=\"summary_large_image\" \/>\n<meta name=\"twitter:label1\" content=\"Est. reading time\">\n\t<meta name=\"twitter:data1\" content=\"0 minutes\">\n<script type=\"application\/ld+json\" class=\"yoast-schema-graph\">{\"@context\":\"https:\/\/schema.org\",\"@graph\":[{\"@type\":\"WebSite\",\"@id\":\"https:\/\/netfonia.com.br\/#website\",\"url\":\"https:\/\/netfonia.com.br\/\",\"name\":\"Netfonia\",\"description\":\"Telecomunica\\u00e7\\u00e3o e Seguran\\u00e7a\",\"potentialAction\":[{\"@type\":\"SearchAction\",\"target\":\"https:\/\/netfonia.com.br\/?s={search_term_string}\",\"query-input\":\"required name=search_term_string\"}],\"inLanguage\":\"en-US\"},{\"@type\":\"ImageObject\",\"@id\":\"https:\/\/netfonia.com.br\/index.php\/contato\/#primaryimage\",\"inLanguage\":\"en-US\",\"url\":\"http:\/\/netfonia.com.br\/imagens\/logowhatsapp.png\"},{\"@type\":\"WebPage\",\"@id\":\"https:\/\/netfonia.com.br\/index.php\/contato\/#webpage\",\"url\":\"https:\/\/netfonia.com.br\/index.php\/contato\/\",\"name\":\"Contato - Netfonia\",\"isPartOf\":{\"@id\":\"https:\/\/netfonia.com.br\/#website\"},\"primaryImageOfPage\":{\"@id\":\"https:\/\/netfonia.com.br\/index.php\/contato\/#primaryimage\"},\"datePublished\":\"2020-11-13T17:48:02+00:00\",\"dateModified\":\"2020-12-17T14:45:53+00:00\",\"inLanguage\":\"en-US\",\"potentialAction\":[{\"@type\":\"ReadAction\",\"target\":[\"https:\/\/netfonia.com.br\/index.php\/contato\/\"]}]}]}<\/script>\n<!-- \/ Yoast SEO plugin. -->","_links":{"self":[{"href":"https:\/\/netfonia.com.br\/index.php\/wp-json\/wp\/v2\/pages\/8"}],"collection":[{"href":"https:\/\/netfonia.com.br\/index.php\/wp-json\/wp\/v2\/pages"}],"about":[{"href":"https:\/\/netfonia.com.br\/index.php\/wp-json\/wp\/v2\/types\/page"}],"author":[{"embeddable":true,"href":"https:\/\/netfonia.com.br\/index.php\/wp-json\/wp\/v2\/users\/1"}],"replies":[{"embeddable":true,"href":"https:\/\/netfonia.com.br\/index.php\/wp-json\/wp\/v2\/comments?post=8"}],"version-history":[{"count":32,"href":"https:\/\/netfonia.com.br\/index.php\/wp-json\/wp\/v2\/pages\/8\/revisions"}],"predecessor-version":[{"id":182,"href":"https:\/\/netfonia.com.br\/index.php\/wp-json\/wp\/v2\/pages\/8\/revisions\/182"}],"wp:attachment":[{"href":"https:\/\/netfonia.com.br\/index.php\/wp-json\/wp\/v2\/media?parent=8"}],"curies":[{"name":"wp","href":"https:\/\/api.w.org\/{rel}","templated":true}]}}