{"id":107,"date":"2020-12-16T16:19:46","date_gmt":"2020-12-16T19:19:46","guid":{"rendered":"http:\/\/netfonia.com.br\/?page_id=107"},"modified":"2020-12-17T11:39:21","modified_gmt":"2020-12-17T14:39:21","slug":"107-2","status":"publish","type":"page","link":"https:\/\/netfonia.com.br\/","title":{"rendered":"P\u00e1gina Inicial"},"content":{"rendered":"\n<figure class=\"wp-block-image alignfull size-large is-style-default\"><img loading=\"lazy\" width=\"1024\" height=\"536\" src=\"http:\/\/netfonia.com.br\/wp-content\/uploads\/2020\/12\/call-1024x536.png\" alt=\"\" class=\"wp-image-150\" srcset=\"https:\/\/netfonia.com.br\/wp-content\/uploads\/2020\/12\/call-1024x536.png 1024w, https:\/\/netfonia.com.br\/wp-content\/uploads\/2020\/12\/call-300x157.png 300w, https:\/\/netfonia.com.br\/wp-content\/uploads\/2020\/12\/call-768x402.png 768w, https:\/\/netfonia.com.br\/wp-content\/uploads\/2020\/12\/call.png 1200w\" sizes=\"(max-width: 1024px) 100vw, 1024px\" \/><\/figure>\n\n\n\n<div style=\"height:29px\" aria-hidden=\"true\" class=\"wp-block-spacer\"><\/div>\n\n\n\n<h2 class=\"has-text-align-center\"><strong>Netfonia Services<\/strong><\/h2>\n\n\n\n<div style=\"height:29px\" aria-hidden=\"true\" class=\"wp-block-spacer\"><\/div>\n\n\n\n<p class=\"has-text-align-left\">    Desde o ano 2000 atuando em telecomunica\u00e7\u00f5es, el\u00e9trica e seguran\u00e7a levando solu\u00e7\u00f5es completas, fornecendo servi\u00e7os e ativos necess\u00e1rios para que empresas de qualquer tamanho e qualquer segmento viabilizem suas opera\u00e7\u00f5es no tempo necess\u00e1rio.<\/p>\n\n\n\n<hr class=\"wp-block-separator\"\/>\n\n\n\n<div class=\"wp-block-media-text alignwide is-stacked-on-mobile\" style=\"grid-template-columns:48% auto\"><figure class=\"wp-block-media-text__media\"><img loading=\"lazy\" width=\"786\" height=\"572\" src=\"http:\/\/netfonia.com.br\/wp-content\/uploads\/2020\/12\/eletriuca.jpg\" alt=\"\" class=\"wp-image-154\" srcset=\"https:\/\/netfonia.com.br\/wp-content\/uploads\/2020\/12\/eletriuca.jpg 786w, https:\/\/netfonia.com.br\/wp-content\/uploads\/2020\/12\/eletriuca-300x218.jpg 300w, https:\/\/netfonia.com.br\/wp-content\/uploads\/2020\/12\/eletriuca-768x559.jpg 768w\" sizes=\"(max-width: 786px) 100vw, 786px\" \/><\/figure><div class=\"wp-block-media-text__content\">\n<p style=\"font-size:15px\"><strong>El\u00e9trica Residencial, Predial e Comercial<\/strong><br>\u2022 Desenvolvimento de projetos.<br>\u2022 Troca de cabeamento el\u00e9trico.<br>\u2022 Instala\u00e7\u00f5es el\u00e9tricas.<br>\u2022 Ilumina\u00e7\u00e3o interna e externa.<br>\u2022 Adequa\u00e7\u00e3o el\u00e9trica para rede de computadores.<br>\u2022 Substitui\u00e7\u00e3o de cabeamento el\u00e9trico.<br>E muito mais&#8230;<br><\/p>\n\n\n\n<p class=\"has-normal-font-size\"><br><br><\/p>\n<\/div><\/div>\n\n\n\n<hr class=\"wp-block-separator\"\/>\n\n\n\n<div class=\"wp-block-media-text alignwide has-media-on-the-right is-stacked-on-mobile\" style=\"grid-template-columns:auto 48%\"><figure class=\"wp-block-media-text__media\"><img loading=\"lazy\" width=\"1024\" height=\"703\" src=\"http:\/\/netfonia.com.br\/wp-content\/uploads\/2020\/12\/telecom-1024x703.jpg\" alt=\"\" class=\"wp-image-170\" srcset=\"https:\/\/netfonia.com.br\/wp-content\/uploads\/2020\/12\/telecom-1024x703.jpg 1024w, https:\/\/netfonia.com.br\/wp-content\/uploads\/2020\/12\/telecom-300x206.jpg 300w, https:\/\/netfonia.com.br\/wp-content\/uploads\/2020\/12\/telecom-768x527.jpg 768w, https:\/\/netfonia.com.br\/wp-content\/uploads\/2020\/12\/telecom.jpg 1165w\" sizes=\"(max-width: 1024px) 100vw, 1024px\" \/><\/figure><div class=\"wp-block-media-text__content\">\n<p style=\"font-size:15px\"><strong>Telecomunica\u00e7\u00e3o e PABX<\/strong><br>O PABX \u00e9 um gerenciador de linhas telef\u00f4nicas que possibilita a distribui\u00e7\u00e3o de linhas telef\u00f4nicas para v\u00e1rios ramais distribu\u00eddos internamente numa empresa ou corpora\u00e7\u00e3o.<br><\/p>\n\n\n\n<p class=\"has-normal-font-size\"><br><br><\/p>\n<\/div><\/div>\n\n\n\n<hr class=\"wp-block-separator\"\/>\n\n\n\n<div class=\"wp-block-media-text alignwide is-stacked-on-mobile\" style=\"grid-template-columns:48% auto\"><figure class=\"wp-block-media-text__media\"><img loading=\"lazy\" width=\"500\" height=\"350\" src=\"http:\/\/netfonia.com.br\/wp-content\/uploads\/2020\/12\/Seguranca-Eletronica.jpg\" alt=\"\" class=\"wp-image-172\" srcset=\"https:\/\/netfonia.com.br\/wp-content\/uploads\/2020\/12\/Seguranca-Eletronica.jpg 500w, https:\/\/netfonia.com.br\/wp-content\/uploads\/2020\/12\/Seguranca-Eletronica-300x210.jpg 300w\" sizes=\"(max-width: 500px) 100vw, 500px\" \/><\/figure><div class=\"wp-block-media-text__content\">\n<p style=\"font-size:15px\"><strong>Seguran\u00e7a Eletr\u00f4nica<\/strong><br>A Seguran\u00e7a Eletr\u00f4nica \u00e9 a utiliza\u00e7\u00e3o de equipamentos eletr\u00f4nicos, de forma integrada e sistematizada com o objetivo de garantir a seguran\u00e7a e a integridade das pessoas e bens materiais.<br><\/p>\n\n\n\n<p class=\"has-normal-font-size\"><br><br><\/p>\n<\/div><\/div>\n\n\n\n<hr class=\"wp-block-separator\"\/>\n\n\n\n<div style=\"height:64px\" aria-hidden=\"true\" class=\"wp-block-spacer\"><\/div>\n\n\n\n<h2 class=\"has-text-align-center\">Parcerias<\/h2>\n\n\n\n<div style=\"height:29px\" aria-hidden=\"true\" class=\"wp-block-spacer\"><\/div>\n\n\n\n<p class=\"has-text-align-left\">Trabalhamos com v\u00e1rias parcerias para lhe oferecer um atendimento completo. Somos certificados Intelbras,Uma empresa com mais de 40 anos de experi\u00eancia em facilitar sua vida e oferecer as melhores e mais completas solu\u00e7\u00f5es em seguran\u00e7a, redes, comunica\u00e7\u00e3o e energia.<\/p>\n\n\n\n<hr class=\"wp-block-separator\"\/>\n\n\n\n<figure class=\"wp-block-gallery columns-2 is-cropped\"><ul class=\"blocks-gallery-grid\"><li class=\"blocks-gallery-item\"><figure><img loading=\"lazy\" width=\"150\" height=\"150\" src=\"http:\/\/netfonia.com.br\/wp-content\/uploads\/2020\/11\/8S6B8M78_400x400-150x150.jpg\" alt=\"\" data-id=\"42\" data-full-url=\"http:\/\/netfonia.com.br\/wp-content\/uploads\/2020\/11\/8S6B8M78_400x400.jpg\" data-link=\"http:\/\/netfonia.com.br\/index.php\/107-2\/8s6b8m78_400x400\/\" class=\"wp-image-42\" srcset=\"https:\/\/netfonia.com.br\/wp-content\/uploads\/2020\/11\/8S6B8M78_400x400-150x150.jpg 150w, https:\/\/netfonia.com.br\/wp-content\/uploads\/2020\/11\/8S6B8M78_400x400-300x300.jpg 300w, https:\/\/netfonia.com.br\/wp-content\/uploads\/2020\/11\/8S6B8M78_400x400.jpg 400w\" sizes=\"(max-width: 150px) 100vw, 150px\" \/><\/figure><\/li><li class=\"blocks-gallery-item\"><figure><img loading=\"lazy\" width=\"150\" height=\"150\" src=\"http:\/\/netfonia.com.br\/wp-content\/uploads\/2020\/11\/download-150x150.png\" alt=\"\" data-id=\"44\" data-full-url=\"http:\/\/netfonia.com.br\/wp-content\/uploads\/2020\/11\/download.png\" data-link=\"http:\/\/netfonia.com.br\/download\/\" class=\"wp-image-44\" srcset=\"https:\/\/netfonia.com.br\/wp-content\/uploads\/2020\/11\/download-150x150.png 150w, https:\/\/netfonia.com.br\/wp-content\/uploads\/2020\/11\/download.png 225w\" sizes=\"(max-width: 150px) 100vw, 150px\" \/><\/figure><\/li><\/ul><\/figure>\n\n\n\n<hr class=\"wp-block-separator\"\/>\n","protected":false},"excerpt":{"rendered":"<p>Netfonia Services Desde o ano 2000 atuando em telecomunica\u00e7\u00f5es, el\u00e9trica e seguran\u00e7a levando solu\u00e7\u00f5es completas, fornecendo servi\u00e7os e ativos necess\u00e1rios para que empresas de qualquer tamanho e qualquer segmento viabilizem suas opera\u00e7\u00f5es no tempo necess\u00e1rio. El\u00e9trica Residencial, Predial e Comercial\u2022 Desenvolvimento de projetos.\u2022 Troca de cabeamento el\u00e9trico.\u2022 Instala\u00e7\u00f5es el\u00e9tricas.\u2022 Ilumina\u00e7\u00e3o interna e externa.\u2022 Adequa\u00e7\u00e3o el\u00e9trica [&hellip;]<\/p>\n","protected":false},"author":1,"featured_media":0,"parent":0,"menu_order":0,"comment_status":"closed","ping_status":"closed","template":"","meta":[],"yoast_head":"<!-- This site is optimized with the Yoast SEO plugin v15.5 - https:\/\/yoast.com\/wordpress\/plugins\/seo\/ -->\n<title>P\u00e1gina Inicial - Netfonia<\/title>\n<meta name=\"robots\" content=\"index, follow, max-snippet:-1, max-image-preview:large, max-video-preview:-1\" \/>\n<link rel=\"canonical\" href=\"https:\/\/netfonia.com.br\/\" \/>\n<meta property=\"og:locale\" content=\"en_US\" \/>\n<meta property=\"og:type\" content=\"article\" \/>\n<meta property=\"og:title\" content=\"P\u00e1gina Inicial - Netfonia\" \/>\n<meta property=\"og:description\" content=\"Netfonia Services Desde o ano 2000 atuando em telecomunica\u00e7\u00f5es, el\u00e9trica e seguran\u00e7a levando solu\u00e7\u00f5es completas, fornecendo servi\u00e7os e ativos necess\u00e1rios para que empresas de qualquer tamanho e qualquer segmento viabilizem suas opera\u00e7\u00f5es no tempo necess\u00e1rio. El\u00e9trica Residencial, Predial e Comercial\u2022 Desenvolvimento de projetos.\u2022 Troca de cabeamento el\u00e9trico.\u2022 Instala\u00e7\u00f5es el\u00e9tricas.\u2022 Ilumina\u00e7\u00e3o interna e externa.\u2022 Adequa\u00e7\u00e3o el\u00e9trica [&hellip;]\" \/>\n<meta property=\"og:url\" content=\"https:\/\/netfonia.com.br\/\" \/>\n<meta property=\"og:site_name\" content=\"Netfonia\" \/>\n<meta property=\"article:modified_time\" content=\"2020-12-17T14:39:21+00:00\" \/>\n<meta property=\"og:image\" content=\"http:\/\/netfonia.com.br\/wp-content\/uploads\/2020\/12\/call-1024x536.png\" \/>\n<meta name=\"twitter:card\" content=\"summary_large_image\" \/>\n<meta name=\"twitter:label1\" content=\"Est. reading time\">\n\t<meta name=\"twitter:data1\" content=\"1 minute\">\n<script type=\"application\/ld+json\" class=\"yoast-schema-graph\">{\"@context\":\"https:\/\/schema.org\",\"@graph\":[{\"@type\":\"WebSite\",\"@id\":\"https:\/\/netfonia.com.br\/#website\",\"url\":\"https:\/\/netfonia.com.br\/\",\"name\":\"Netfonia\",\"description\":\"Telecomunica\\u00e7\\u00e3o e Seguran\\u00e7a\",\"potentialAction\":[{\"@type\":\"SearchAction\",\"target\":\"https:\/\/netfonia.com.br\/?s={search_term_string}\",\"query-input\":\"required name=search_term_string\"}],\"inLanguage\":\"en-US\"},{\"@type\":\"ImageObject\",\"@id\":\"https:\/\/netfonia.com.br\/#primaryimage\",\"inLanguage\":\"en-US\",\"url\":\"http:\/\/netfonia.com.br\/wp-content\/uploads\/2020\/12\/call-1024x536.png\"},{\"@type\":\"WebPage\",\"@id\":\"https:\/\/netfonia.com.br\/#webpage\",\"url\":\"https:\/\/netfonia.com.br\/\",\"name\":\"P\\u00e1gina Inicial - Netfonia\",\"isPartOf\":{\"@id\":\"https:\/\/netfonia.com.br\/#website\"},\"primaryImageOfPage\":{\"@id\":\"https:\/\/netfonia.com.br\/#primaryimage\"},\"datePublished\":\"2020-12-16T19:19:46+00:00\",\"dateModified\":\"2020-12-17T14:39:21+00:00\",\"inLanguage\":\"en-US\",\"potentialAction\":[{\"@type\":\"ReadAction\",\"target\":[\"https:\/\/netfonia.com.br\/\"]}]}]}<\/script>\n<!-- \/ Yoast SEO plugin. -->","_links":{"self":[{"href":"https:\/\/netfonia.com.br\/index.php\/wp-json\/wp\/v2\/pages\/107"}],"collection":[{"href":"https:\/\/netfonia.com.br\/index.php\/wp-json\/wp\/v2\/pages"}],"about":[{"href":"https:\/\/netfonia.com.br\/index.php\/wp-json\/wp\/v2\/types\/page"}],"author":[{"embeddable":true,"href":"https:\/\/netfonia.com.br\/index.php\/wp-json\/wp\/v2\/users\/1"}],"replies":[{"embeddable":true,"href":"https:\/\/netfonia.com.br\/index.php\/wp-json\/wp\/v2\/comments?post=107"}],"version-history":[{"count":47,"href":"https:\/\/netfonia.com.br\/index.php\/wp-json\/wp\/v2\/pages\/107\/revisions"}],"predecessor-version":[{"id":175,"href":"https:\/\/netfonia.com.br\/index.php\/wp-json\/wp\/v2\/pages\/107\/revisions\/175"}],"wp:attachment":[{"href":"https:\/\/netfonia.com.br\/index.php\/wp-json\/wp\/v2\/media?parent=107"}],"curies":[{"name":"wp","href":"https:\/\/api.w.org\/{rel}","templated":true}]}}